{"id":12317,"date":"2021-02-06T15:03:40","date_gmt":"2021-02-06T13:03:40","guid":{"rendered":"https:\/\/getecoprint.ee\/product\/t-sargid-paaridele-7\/"},"modified":"2022-05-18T06:10:24","modified_gmt":"2022-05-18T03:10:24","slug":"t-sargid-paaridele-7","status":"publish","type":"product","link":"https:\/\/getecoprint.ee\/ru\/product\/t-sargid-paaridele-7\/","title":{"rendered":"T-s\u00e4rgid paaridele 7"},"content":{"rendered":"<p>L\u00fchikeste varrukatega T-s\u00e4rk<br \/>\nilma k\u00fclje\u00f5mblusteta mudel<\/p>\n<p>materjal 100% puuvilla, 185 g\/m\u00b2<\/p>\n<p>\u041c\u0430\u0442\u0435\u0440\u0438\u0430\u043b 100% \u0445\u043b\u043e\u043f\u043e\u043a, 185 \u0433 \/ \u043c\u00b2<\/p>\n<p>Material 100% cotton, 185 g \/ m\u00b2<\/p>\n<p>&nbsp;<\/p>\n<p>&nbsp;<\/p>\n<h6><\/h6>\n<p>&nbsp;<\/p>\n","protected":false},"excerpt":{"rendered":"<h4><span style=\"color: #0000ff;\">Kas soovite oma kujunduse lisada? Kirjutage lisainfosse.<\/span><\/h4>\n","protected":false},"featured_media":12251,"template":"","meta":{"_monsterinsights_skip_tracking":false,"_monsterinsights_sitenote_active":false,"_monsterinsights_sitenote_note":"","_monsterinsights_sitenote_category":0},"product_cat":[198,462,410,66],"product_tag":[],"class_list":{"0":"post-12317","1":"product","2":"type-product","3":"status-publish","4":"has-post-thumbnail","6":"product_cat-ves-tovar-ru","7":"product_cat-futbolki-s-printom-ru","8":"product_cat-parnye-futbolki-ru","9":"product_cat-futbolki-ru","11":"first","12":"instock","13":"shipping-taxable","14":"purchasable","15":"product-type-variable"},"aioseo_notices":[],"_links":{"self":[{"href":"https:\/\/getecoprint.ee\/ru\/wp-json\/wp\/v2\/product\/12317"}],"collection":[{"href":"https:\/\/getecoprint.ee\/ru\/wp-json\/wp\/v2\/product"}],"about":[{"href":"https:\/\/getecoprint.ee\/ru\/wp-json\/wp\/v2\/types\/product"}],"wp:featuredmedia":[{"embeddable":true,"href":"https:\/\/getecoprint.ee\/ru\/wp-json\/wp\/v2\/media\/12251"}],"wp:attachment":[{"href":"https:\/\/getecoprint.ee\/ru\/wp-json\/wp\/v2\/media?parent=12317"}],"wp:term":[{"taxonomy":"product_cat","embeddable":true,"href":"https:\/\/getecoprint.ee\/ru\/wp-json\/wp\/v2\/product_cat?post=12317"},{"taxonomy":"product_tag","embeddable":true,"href":"https:\/\/getecoprint.ee\/ru\/wp-json\/wp\/v2\/product_tag?post=12317"}],"curies":[{"name":"wp","href":"https:\/\/api.w.org\/{rel}","templated":true}]}}